{"id":147,"date":"2025-04-28T07:32:33","date_gmt":"2025-04-28T07:32:33","guid":{"rendered":"https:\/\/gyogyitoetkezes.hu\/?page_id=147"},"modified":"2025-04-28T07:47:46","modified_gmt":"2025-04-28T07:47:46","slug":"impresszum","status":"publish","type":"page","link":"https:\/\/gyogyitoetkezes.hu\/index.php\/impresszum\/","title":{"rendered":"Impresszum"},"content":{"rendered":"\t\t<div data-elementor-type=\"wp-page\" data-elementor-id=\"147\" class=\"elementor elementor-147\">\n\t\t\t\t<div class=\"elementor-element elementor-element-f7f1be3 e-flex e-con-boxed e-con e-parent\" data-id=\"f7f1be3\" data-element_type=\"container\">\n\t\t\t\t\t<div class=\"e-con-inner\">\n\t\t\t\t<div class=\"elementor-element elementor-element-ccf605f elementor-widget elementor-widget-text-editor\" data-id=\"ccf605f\" data-element_type=\"widget\" data-widget_type=\"text-editor.default\">\n\t\t\t\t<div class=\"elementor-widget-container\">\n\t\t\t\t\t\t\t\t\t<p><b>Impresszum<\/b><\/p><p><b>C\u00e9gn\u00e9v:<\/b>\u00a0Csehely Zsuzsanna EV<br \/><b>Sz\u00e9khely:<\/b>\u00a08743 Zalaszabar, Kinizsi u. 12.<br \/><b>Levelez\u00e9si c\u00edm:<\/b>\u00a09772 Kisunyom B\u00e9k\u00e1s d\u0171l\u0151 1.<br \/><b>Telefon:<\/b>\u00a0+36 20\u00a0451 4104<br \/><b>E-mail:<\/b>\u00a0eletrefel@gmail.com<br \/><b>Ad\u00f3sz\u00e1m:<\/b>\u00a076914915-1-40<br \/><b>Nyilv\u00e1ntart\u00e1si sz\u00e1m:<\/b>\u00a010434076<br \/><b>A c\u00e9get bejegyz\u0151 hat\u00f3s\u00e1g:<\/b>\u00a0Nemzeti Ad\u00f3- \u00e9s V\u00e1mhivatal (NAV) K\u00f6zponti Ir\u00e1ny\u00edt\u00e1sa<\/p><p><b>T\u00e1rhelyszolg\u00e1ltat\u00f3:<\/b><\/p><p>Cweb.hu Informatikai Kft<\/p><p>1173 Budapest, Bors\u00f3 utca 12-32<\/p><p>\u00a0Cg.01-09 436264<\/p><p>info@cweb.hu<\/p>\t\t\t\t\t\t\t\t<\/div>\n\t\t\t\t<\/div>\n\t\t\t\t\t<\/div>\n\t\t\t\t<\/div>\n\t\t\t\t<\/div>\n\t\t","protected":false},"excerpt":{"rendered":"<p>Impresszum C\u00e9gn\u00e9v:\u00a0Csehely Zsuzsanna EVSz\u00e9khely:\u00a08743 Zalaszabar, Kinizsi u. 12.Levelez\u00e9si c\u00edm:\u00a09772 Kisunyom B\u00e9k\u00e1s d\u0171l\u0151 1.Telefon:\u00a0+36 20\u00a0451 4104E-mail:\u00a0eletrefel@gmail.comAd\u00f3sz\u00e1m:\u00a076914915-1-40Nyilv\u00e1ntart\u00e1si sz\u00e1m:\u00a010434076A c\u00e9get bejegyz\u0151 hat\u00f3s\u00e1g:\u00a0Nemzeti Ad\u00f3- \u00e9s V\u00e1mhivatal (NAV) K\u00f6zponti Ir\u00e1ny\u00edt\u00e1sa T\u00e1rhelyszolg\u00e1ltat\u00f3: Cweb.hu Informatikai Kft 1173 Budapest, Bors\u00f3 utca 12-32 \u00a0Cg.01-09 436264 info@cweb.hu<\/p>\n","protected":false},"author":1,"featured_media":0,"parent":0,"menu_order":0,"comment_status":"closed","ping_status":"closed","template":"","meta":{"footnotes":""},"class_list":["post-147","page","type-page","status-publish","hentry"],"_links":{"self":[{"href":"https:\/\/gyogyitoetkezes.hu\/index.php\/wp-json\/wp\/v2\/pages\/147","targetHints":{"allow":["GET"]}}],"collection":[{"href":"https:\/\/gyogyitoetkezes.hu\/index.php\/wp-json\/wp\/v2\/pages"}],"about":[{"href":"https:\/\/gyogyitoetkezes.hu\/index.php\/wp-json\/wp\/v2\/types\/page"}],"author":[{"embeddable":true,"href":"https:\/\/gyogyitoetkezes.hu\/index.php\/wp-json\/wp\/v2\/users\/1"}],"replies":[{"embeddable":true,"href":"https:\/\/gyogyitoetkezes.hu\/index.php\/wp-json\/wp\/v2\/comments?post=147"}],"version-history":[{"count":4,"href":"https:\/\/gyogyitoetkezes.hu\/index.php\/wp-json\/wp\/v2\/pages\/147\/revisions"}],"predecessor-version":[{"id":182,"href":"https:\/\/gyogyitoetkezes.hu\/index.php\/wp-json\/wp\/v2\/pages\/147\/revisions\/182"}],"wp:attachment":[{"href":"https:\/\/gyogyitoetkezes.hu\/index.php\/wp-json\/wp\/v2\/media?parent=147"}],"curies":[{"name":"wp","href":"https:\/\/api.w.org\/{rel}","templated":true}]}}